{"id":14,"date":"2018-04-13T11:20:15","date_gmt":"2018-04-13T14:20:15","guid":{"rendered":"http:\/\/portal.ufla.br\/branco\/?page_id=14"},"modified":"2018-09-06T10:26:36","modified_gmt":"2018-09-06T13:26:36","slug":"pagina-inicial","status":"publish","type":"page","link":"https:\/\/dfi.ufla.br\/iii-simposio-de-fisica-tecnologia-e-inovacao\/","title":{"rendered":"Sobre o evento"},"content":{"rendered":"<h5 style=\"text-align: justify;\">O III Simp\u00f3sio de F\u00edsica, Tecnologia e Inova\u00e7\u00e3o propiciar\u00e1 aos participantes o compartilhamento de ideias e experi\u00eancias com pesquisadores de reconhecida compet\u00eancia, tanto da Universidade Federal de Lavras (UFLA) quanto de institui\u00e7\u00f5es que s\u00e3o refer\u00eancias na pesquisa b\u00e1sica e aplicada. O evento ser\u00e1 realizado nos dias 17 e 18 de Setembro e as inscri\u00e7\u00f5es podem ser realizadas pelo SIG (<a href=\"https:\/\/sig.ufla.br\">https:\/\/sig.ufla.br<\/a>)<\/h5>\n<p><img loading=\"lazy\" class=\"alignnone size-full wp-image-81\" src=\"http:\/\/www.dfi.ufla.br\/iii-simposio-de-fisica-tecnologia-e-inovacao\/wp-content\/uploads\/2018\/09\/crono.png\" alt=\"\" width=\"5589\" height=\"5064\" srcset=\"https:\/\/dfi.ufla.br\/iii-simposio-de-fisica-tecnologia-e-inovacao\/wp-content\/uploads\/2018\/09\/crono.png 5589w, https:\/\/dfi.ufla.br\/iii-simposio-de-fisica-tecnologia-e-inovacao\/wp-content\/uploads\/2018\/09\/crono-300x272.png 300w, https:\/\/dfi.ufla.br\/iii-simposio-de-fisica-tecnologia-e-inovacao\/wp-content\/uploads\/2018\/09\/crono-768x696.png 768w, https:\/\/dfi.ufla.br\/iii-simposio-de-fisica-tecnologia-e-inovacao\/wp-content\/uploads\/2018\/09\/crono-1024x928.png 1024w\" sizes=\"(max-width: 5589px) 100vw, 5589px\" \/><\/p>\n<p>&nbsp;<\/p>\n","protected":false},"excerpt":{"rendered":"<p>O III Simp\u00f3sio de F\u00edsica, Tecnologia e Inova\u00e7\u00e3o propiciar\u00e1 aos participantes o compartilhamento de ideias e experi\u00eancias com pesquisadores de reconhecida compet\u00eancia, tanto da Universidade Federal de Lavras (UFLA) quanto de institui\u00e7\u00f5es que s\u00e3o refer\u00eancias na pesquisa b\u00e1sica e aplicada. O evento ser\u00e1 realizado nos dias 17 e 18 de Setembro e as inscri\u00e7\u00f5es podem &hellip; <a href=\"https:\/\/dfi.ufla.br\/iii-simposio-de-fisica-tecnologia-e-inovacao\/\" class=\"more-link\">Continue lendo <span class=\"screen-reader-text\">Sobre o evento<\/span> <span class=\"meta-nav\">&rarr;<\/span><\/a><\/p>\n","protected":false},"author":1,"featured_media":0,"parent":0,"menu_order":0,"comment_status":"closed","ping_status":"closed","template":"","meta":[],"_links":{"self":[{"href":"https:\/\/dfi.ufla.br\/iii-simposio-de-fisica-tecnologia-e-inovacao\/wp-json\/wp\/v2\/pages\/14"}],"collection":[{"href":"https:\/\/dfi.ufla.br\/iii-simposio-de-fisica-tecnologia-e-inovacao\/wp-json\/wp\/v2\/pages"}],"about":[{"href":"https:\/\/dfi.ufla.br\/iii-simposio-de-fisica-tecnologia-e-inovacao\/wp-json\/wp\/v2\/types\/page"}],"author":[{"embeddable":true,"href":"https:\/\/dfi.ufla.br\/iii-simposio-de-fisica-tecnologia-e-inovacao\/wp-json\/wp\/v2\/users\/1"}],"replies":[{"embeddable":true,"href":"https:\/\/dfi.ufla.br\/iii-simposio-de-fisica-tecnologia-e-inovacao\/wp-json\/wp\/v2\/comments?post=14"}],"version-history":[{"count":5,"href":"https:\/\/dfi.ufla.br\/iii-simposio-de-fisica-tecnologia-e-inovacao\/wp-json\/wp\/v2\/pages\/14\/revisions"}],"predecessor-version":[{"id":86,"href":"https:\/\/dfi.ufla.br\/iii-simposio-de-fisica-tecnologia-e-inovacao\/wp-json\/wp\/v2\/pages\/14\/revisions\/86"}],"wp:attachment":[{"href":"https:\/\/dfi.ufla.br\/iii-simposio-de-fisica-tecnologia-e-inovacao\/wp-json\/wp\/v2\/media?parent=14"}],"curies":[{"name":"wp","href":"https:\/\/api.w.org\/{rel}","templated":true}]}}